{"id":14,"date":"2024-07-25T11:46:52","date_gmt":"2024-07-25T09:46:52","guid":{"rendered":"https:\/\/jandard-metallerie.com\/?page_id=14"},"modified":"2025-05-16T10:48:19","modified_gmt":"2025-05-16T08:48:19","slug":"politique-de-cookies-ue","status":"publish","type":"page","link":"https:\/\/jandard-metallerie.com\/?page_id=14","title":{"rendered":"Politique de cookies &amp; Mentions l\u00e9gales"},"content":{"rendered":"<p>[et_pb_section fb_built=\u00a0\u00bb1&Prime; admin_label=\u00a0\u00bbContact\u00a0\u00bb _builder_version=\u00a0\u00bb4.25.2&Prime; _module_preset=\u00a0\u00bbdefault\u00a0\u00bb background_enable_color=\u00a0\u00bboff\u00a0\u00bb custom_padding=\u00a0\u00bb||0px|||\u00a0\u00bb locked=\u00a0\u00bboff\u00a0\u00bb global_colors_info=\u00a0\u00bb{%22gcid-b6c4f12c-f25d-4f61-9fb1-6e96404634cd%22:%91%22background_color%22%93}\u00a0\u00bb][et_pb_row _builder_version=\u00a0\u00bb4.27.2&Prime; _module_preset=\u00a0\u00bbdefault\u00a0\u00bb global_colors_info=\u00a0\u00bb{}\u00a0\u00bb][et_pb_column type=\u00a0\u00bb4_4&Prime; _builder_version=\u00a0\u00bb4.27.2&Prime; _module_preset=\u00a0\u00bbdefault\u00a0\u00bb global_colors_info=\u00a0\u00bb{}\u00a0\u00bb][et_pb_text _builder_version=\u00a0\u00bb4.27.2&Prime; _module_preset=\u00a0\u00bbdefault\u00a0\u00bb text_text_color=\u00a0\u00bb#E02B20&Prime; text_font_size=\u00a0\u00bb24px\u00a0\u00bb global_colors_info=\u00a0\u00bb{}\u00a0\u00bb]<\/p>\n<p><span style=\"color: #000000;\">MENTIONS L\u00c9GALES JANDARD METALLERIE politique de confidentialit\u00e9<\/span><\/p>\n<p>[\/et_pb_text][\/et_pb_column][\/et_pb_row][\/et_pb_section][et_pb_section fb_built=\u00a0\u00bb1&Prime; admin_label=\u00a0\u00bbMap\u00a0\u00bb _builder_version=\u00a0\u00bb4.25.2&Prime; _module_preset=\u00a0\u00bbdefault\u00a0\u00bb custom_padding=\u00a0\u00bb0px|||||\u00a0\u00bb global_colors_info=\u00a0\u00bb{}\u00a0\u00bb][et_pb_row _builder_version=\u00a0\u00bb4.27.2&Prime; _module_preset=\u00a0\u00bbdefault\u00a0\u00bb custom_padding=\u00a0\u00bb17px|||||\u00a0\u00bb global_colors_info=\u00a0\u00bb{}\u00a0\u00bb][et_pb_column type=\u00a0\u00bb4_4&Prime; _builder_version=\u00a0\u00bb4.27.2&Prime; _module_preset=\u00a0\u00bbdefault\u00a0\u00bb global_colors_info=\u00a0\u00bb{}\u00a0\u00bb][et_pb_text _builder_version=\u00a0\u00bb4.27.2&Prime; _module_preset=\u00a0\u00bbdefault\u00a0\u00bb text_text_color=\u00a0\u00bb#000000&Prime; custom_padding=\u00a0\u00bb0px|||||\u00a0\u00bb global_colors_info=\u00a0\u00bb{}\u00a0\u00bb]<\/p>\n<h2>MENTIONS L\u00c9GALES<span class=\"ez-toc-section-end\"><\/span><\/h2>\n<h2><span class=\"ez-toc-section\" id=\"Fabrice-Raguin-politique-de-confidentialite\"><\/span><strong>Jandard M\u00e9tallerie politique de confidentialit\u00e9<\/strong><span class=\"ez-toc-section-end\"><\/span><\/h2>\n<p>Etablissement Jandard M\u00e9tallerie<span> soci\u00e9t\u00e9 \u00e0 responsabilit\u00e9 limit\u00e9e\u00a0<\/span><span><\/span><\/p>\n<p><span>MONSOLS, 110 IMP DES ARTISANS, 69430 DEUX-GROSNES<br \/>Num\u00e9ros d\u2019identification<br \/>Num\u00e9ro SIREN<br \/>420997389<\/span><\/p>\n<p>Num\u00e9ro SIRET (si\u00e8ge)<br \/>42099738900010<\/p>\n<p>Num\u00e9ro TVA Intracommunautaire<br \/>FR90420997389<\/p>\n<p>Num\u00e9ro RCS 420 997 389 R.C.S. Villefranche-tarare<\/p>\n<p>Avant de d\u00e9poser ou lire un cookie, les \u00e9diteurs de sites ou d\u2019applications doivent\u00a0:<\/p>\n<p>Informer les internautes de la finalit\u00e9 des cookies\u00a0;<\/p>\n<p>Obtenir leur consentement\u00a0;<\/p>\n<p>Fournir aux internautes un moyen de les refuser.<\/p>\n<p>La dur\u00e9e de validit\u00e9 de ce consentement est de 13 mois maximum. Certains cookies sont cependant dispens\u00e9s du recueil de ce consentement.<\/p>\n<p>Le manquement \u00e0 l\u2019une de ces obligations peut \u00eatre sanctionn\u00e9 jusqu\u2019\u00e0 un an d\u2019emprisonnement, 75\u00a0000\u00a0\u20ac d\u2019amende pour les personnes physiques et 375\u00a0000\u00a0\u20ac pour les personnes morales.<\/p>\n<p>Politique de confidentialit\u00e9<\/p>\n<h2>Qui sommes-nous\u00a0?<span class=\"ez-toc-section-end\"><\/span><\/h2>\n<p>L\u2019adresse de notre site Web est : https:\/\/jandard-metallerie.com\/<\/p>\n<p>Utilisation des donn\u00e9es personnelles collect\u00e9es<\/p>\n<h2><span class=\"ez-toc-section\" id=\"Commentaires\"><\/span>Commentaires<span class=\"ez-toc-section-end\"><\/span><\/h2>\n<p>Quand vous laissez un commentaire sur notre site web, les donn\u00e9es inscrites dans le formulaire de commentaire, mais aussi votre adresse IP et l\u2019agent utilisateur de votre navigateur sont collect\u00e9s pour nous aider \u00e0 la d\u00e9tection des commentaires ind\u00e9sirables.<\/p>\n<p>Une cha\u00eene anonymis\u00e9e cr\u00e9\u00e9e \u00e0 partir de votre adresse de messagerie (\u00e9galement appel\u00e9e hash) peut \u00eatre envoy\u00e9e au service Gravatar pour v\u00e9rifier si vous utilisez ce dernier. Les clauses de confidentialit\u00e9 du service Gravatar sont disponibles ici\u00a0: https:\/\/automattic.com\/privacy\/. Apr\u00e8s validation de votre commentaire, votre photo de profil sera visible publiquement \u00e0 cot\u00e9 de votre commentaire.<\/p>\n<h2><span class=\"ez-toc-section\" id=\"Medias\"><\/span>M\u00e9dias<span class=\"ez-toc-section-end\"><\/span><\/h2>\n<p>Si vous \u00eates un utilisateur ou une utilisatrice enregistr\u00e9\u00b7e et que vous t\u00e9l\u00e9versez des images sur le site web, nous vous conseillons d\u2019\u00e9viter de t\u00e9l\u00e9verser des images contenant des donn\u00e9es EXIF de coordonn\u00e9es GPS. Les visiteurs de votre site web peuvent t\u00e9l\u00e9charger et extraire des donn\u00e9es de localisation depuis ces images.<\/p>\n<p>Formulaires de contact<\/p>\n<h2><span class=\"ez-toc-section\" id=\"Cookies\"><\/span>Cookies<span class=\"ez-toc-section-end\"><\/span><\/h2>\n<p>Si vous d\u00e9posez un commentaire sur notre site, il vous sera propos\u00e9 d\u2019enregistrer votre nom, adresse de messagerie et site web dans des cookies. C\u2019est uniquement pour votre confort afin de ne pas avoir \u00e0 saisir ces informations si vous d\u00e9posez un autre commentaire plus tard. Ces cookies expirent au bout d\u2019un an.<\/p>\n<p>Si vous vous rendez sur la page de connexion, un cookie temporaire sera cr\u00e9\u00e9 afin de d\u00e9terminer si votre navigateur accepte les cookies. Il ne contient pas de donn\u00e9es personnelles et sera supprim\u00e9 automatiquement \u00e0 la fermeture de votre navigateur.<\/p>\n<p>Lorsque vous vous connecterez, nous mettrons en place un certain nombre de cookies pour enregistrer vos informations de connexion et vos pr\u00e9f\u00e9rences d\u2019\u00e9cran. La dur\u00e9e de vie d\u2019un cookie de connexion est de deux jours, celle d\u2019un cookie d\u2019option d\u2019\u00e9cran est d\u2019un an. Si vous cochez \u00ab\u00a0Se souvenir de moi\u00a0\u00bb, votre cookie de connexion sera conserv\u00e9 pendant deux semaines. Si vous vous d\u00e9connectez de votre compte, le cookie de connexion sera effac\u00e9.<\/p>\n<p>En modifiant ou en publiant une publication, un cookie suppl\u00e9mentaire sera enregistr\u00e9 dans votre navigateur. Ce cookie ne comprend aucune donn\u00e9e personnelle. Il indique simplement l\u2019ID de la publication que vous venez de modifier. Il expire au bout d\u2019un jour.<\/p>\n<p><strong>Accepter ou refuser les cookies<\/strong><br \/>Vous disposez de diff\u00e9rents moyens pour g\u00e9rer les cookies.<br \/>Le param\u00e9trage de votre navigateur internet<br \/>Vous pouvez \u00e0 tout moment choisir de d\u00e9sactiver ces cookies. Votre navigateur peut \u00e9galement \u00eatre param\u00e9tr\u00e9 pour vous signaler les cookies qui sont d\u00e9pos\u00e9s dans votre ordinateur et vous demander de les accepter ou non. Vous pouvez accepter ou refuser les cookies au cas par cas ou bien les refuser syst\u00e9matiquement une fois pour toutes.<\/p>\n<p>Nous vous rappelons que le param\u00e9trage est susceptible de modifier vos conditions d\u2019acc\u00e8s \u00e0 nos services n\u00e9cessitant l\u2019utilisation de cookies.<\/p>\n<p>Si votre navigateur est configur\u00e9 de mani\u00e8re \u00e0 refuser l\u2019ensemble des cookies, vous ne pourrez pas effectuer profiter de fonctions essentielles de notre site. Afin de g\u00e9rer les cookies au plus pr\u00e8s de vos attentes nous vous invitons \u00e0 param\u00e9trer votre navigateur en tenant compte de la finalit\u00e9 des cookies telle que mentionn\u00e9e ci-avant.<\/p>\n<p>Voici comment contr\u00f4ler ou emp\u00eacher l\u2019enregistrement des cookies.<\/p>\n<p>La configuration de chaque navigateur est diff\u00e9rente. Elle est d\u00e9crite dans le menu d\u2019aide de votre navigateur, qui vous permettra de savoir de quelle mani\u00e8re modifier vos souhaits en mati\u00e8re de cookies.<br \/>Vous pouvez d\u00e9sactiver les cookies en suivant les instructions comme suit :<\/p>\n<p><strong>a\/ si vous utilisez le navigateur Internet Explorer<\/strong><br \/>Cliquez sur l\u2019ic\u00f4ne de roue dent\u00e9e en haut \u00e0 droite de l\u2019\u00e9cran<br \/>Options internet<br \/>Onglet Confidentialit\u00e9 &gt; Sites<br \/>Cliquez sur Tout supprimer (ou s\u00e9lectionnez le cookie d\u00e9sir\u00e9 et cliquez sur Supprimer)<\/p>\n<p><strong>b\/ si vous utilisez le navigateur Firefox<\/strong><br \/>\u00a7 Allez dans le menu hamburger&gt;Options<br \/>\u00a7 Dans la fen\u00eatre qui s\u2019affiche, choisissez \u00ab\u00a0Vie priv\u00e9e et s\u00e9curit\u00e9\u00a0\u00bb et cliquez sur \u00a0\u00bb Cookies et donn\u00e9es de sites\u00a0\u00bb&gt;G\u00e9rer les donn\u00e9es\u2026<br \/>\u00a7 Rep\u00e9rez les fichiers qui contiennent le nom \u00a0\u00bb le nom de votre site \u00a0\u00bb S\u00e9lectionnez-les et supprimez-les.<\/p>\n<p><strong>c\/ si vous utilisez le navigateur Safari<\/strong><br \/>\u00a7 Ouvrez Safari.<br \/>\u00a7 Cliquez sur Safari dans la barre des menus.<br \/>\u00a7 S\u00e9lectionnez Pr\u00e9f\u00e9rences\u2026<br \/>\u00a7 S\u00e9lectionner l\u2019onglet Confidentialit\u00e9<br \/>\u00a7 Cliquez sur d\u00e9tails et Supprimer dans le champ Cookies et autres donn\u00e9es de sites web et supprimer<\/p>\n<p><strong>d\/ si vous utilisez le navigateur Google<span>\u00a0<\/span><a href=\"https:\/\/www.google.com\/intl\/fr_fr\/chrome\/\">Chrome<\/a><\/strong><br \/>1. Sur votre ordinateur, ouvrez Chrome.<br \/>2. Dans l\u2019angle sup\u00e9rieur droit, cliquez sur Plus Param\u00e8tres.<br \/>3. En bas, cliquez sur Param\u00e8tres avanc\u00e9s.<br \/>4. Dans la section \u00ab\u00a0Confidentialit\u00e9 et s\u00e9curit\u00e9\u00a0\u00bb, cliquez sur Param\u00e8tres du contenu.<br \/>5. Cliquez sur Cookies.<br \/>6. Dans la section \u00ab\u00a0Ensemble des cookies et donn\u00e9es de site\u00a0\u00bb, recherchez le nom du site Web.<br \/>7. \u00c0 droite du site, cliquez sur Supprime<\/p>\n<p>Contenu embarqu\u00e9 depuis d\u2019autres sites<\/p>\n<p>Les articles de ce site peuvent inclure des contenus int\u00e9gr\u00e9s (par exemple des vid\u00e9os, images, articles\u2026). Le contenu int\u00e9gr\u00e9 depuis d\u2019autres sites se comporte de la m\u00eame mani\u00e8re que si le visiteur se rendait sur cet autre site.<\/p>\n<p>Ces sites web pourraient collecter des donn\u00e9es sur vous, utiliser des cookies, embarquer des outils de suivis tiers, suivre vos interactions avec ces contenus embarqu\u00e9s si vous disposez d\u2019un compte connect\u00e9 sur leur site web.<\/p>\n<p>Statistiques et mesures d\u2019audience<\/p>\n<p>Utilisation et transmission de vos donn\u00e9es personnelles<\/p>\n<p>Dur\u00e9es de stockage de vos donn\u00e9es<\/p>\n<p>Si vous laissez un commentaire, le commentaire et ses m\u00e9tadonn\u00e9es sont conserv\u00e9s ind\u00e9finiment. Cela permet de reconna\u00eetre et approuver automatiquement les commentaires suivants au lieu de les laisser dans la file de mod\u00e9ration.<\/p>\n<p>Pour les utilisateurs et utilisatrices qui s\u2019inscrivent sur notre site (si cela est possible), nous stockons \u00e9galement les donn\u00e9es personnelles indiqu\u00e9es dans leur profil. Tous les utilisateurs et utilisatrices peuvent voir, modifier ou supprimer leurs informations personnelles \u00e0 tout moment (\u00e0 l\u2019exception de leur nom d\u2019utilisateur\u00b7ice). Les gestionnaires du site peuvent aussi voir et modifier ces informations.<\/p>\n<p>Les droits que vous avez sur vos donn\u00e9es<\/p>\n<p>Si vous avez un compte ou si vous avez laiss\u00e9 des commentaires sur le site, vous pouvez demander \u00e0 recevoir un fichier contenant toutes les donn\u00e9es personnelles que nous poss\u00e9dons \u00e0 votre sujet, incluant celles que vous nous avez fournies. Vous pouvez \u00e9galement demander la suppression des donn\u00e9es personnelles vous concernant. Cela ne prend pas en compte les donn\u00e9es stock\u00e9es \u00e0 des fins administratives, l\u00e9gales ou pour des raisons de s\u00e9curit\u00e9.<\/p>\n<p>Transmission de vos donn\u00e9es personnelles<\/p>\n<p>Les commentaires des visiteurs peuvent \u00eatre v\u00e9rifi\u00e9s \u00e0 l\u2019aide d\u2019un service automatis\u00e9 de d\u00e9tection des commentaires ind\u00e9sirables.<\/p>\n<p>&nbsp;<\/p>\n<p>[\/et_pb_text][\/et_pb_column][\/et_pb_row][\/et_pb_section]<\/p>\n","protected":false},"excerpt":{"rendered":"<p>MENTIONS L\u00c9GALES JANDARD METALLERIE politique de confidentialit\u00e9MENTIONS L\u00c9GALES Jandard M\u00e9tallerie politique de confidentialit\u00e9 Etablissement Jandard M\u00e9tallerie soci\u00e9t\u00e9 \u00e0 responsabilit\u00e9 limit\u00e9e\u00a0 MONSOLS, 110 IMP DES ARTISANS, 69430 DEUX-GROSNESNum\u00e9ros d\u2019identificationNum\u00e9ro SIREN420997389 Num\u00e9ro SIRET (si\u00e8ge)42099738900010 Num\u00e9ro TVA IntracommunautaireFR90420997389 Num\u00e9ro RCS 420 997 389 R.C.S. Villefranche-tarare Avant de d\u00e9poser ou lire un cookie, les \u00e9diteurs de sites ou d\u2019applications [&hellip;]<\/p>\n","protected":false},"author":1,"featured_media":0,"parent":0,"menu_order":0,"comment_status":"closed","ping_status":"closed","template":"","meta":{"_et_pb_use_builder":"on","_et_pb_old_content":"<!-- wp:complianz\/document {\"title\":\"Politique de cookies (UE)\",\"selectedDocument\":\"cookie-statement\"} \/-->","_et_gb_content_width":"","footnotes":""},"class_list":["post-14","page","type-page","status-publish","hentry"],"yoast_head":"<!-- This site is optimized with the Yoast SEO plugin v25.1 - https:\/\/yoast.com\/wordpress\/plugins\/seo\/ -->\n<title>Politique de cookies &amp; Mentions l\u00e9gales - JANDARD METALLERIE SERRURERIE<\/title>\n<meta name=\"robots\" content=\"index, follow, max-snippet:-1, max-image-preview:large, max-video-preview:-1\" \/>\n<link rel=\"canonical\" href=\"https:\/\/jandard-metallerie.com\/?page_id=14\" \/>\n<meta property=\"og:locale\" content=\"fr_FR\" \/>\n<meta property=\"og:type\" content=\"article\" \/>\n<meta property=\"og:title\" content=\"Politique de cookies &amp; Mentions l\u00e9gales - JANDARD METALLERIE SERRURERIE\" \/>\n<meta property=\"og:description\" content=\"MENTIONS L\u00c9GALES JANDARD METALLERIE politique de confidentialit\u00e9MENTIONS L\u00c9GALES Jandard M\u00e9tallerie politique de confidentialit\u00e9 Etablissement Jandard M\u00e9tallerie soci\u00e9t\u00e9 \u00e0 responsabilit\u00e9 limit\u00e9e\u00a0 MONSOLS, 110 IMP DES ARTISANS, 69430 DEUX-GROSNESNum\u00e9ros d\u2019identificationNum\u00e9ro SIREN420997389 Num\u00e9ro SIRET (si\u00e8ge)42099738900010 Num\u00e9ro TVA IntracommunautaireFR90420997389 Num\u00e9ro RCS 420 997 389 R.C.S. Villefranche-tarare Avant de d\u00e9poser ou lire un cookie, les \u00e9diteurs de sites ou d\u2019applications [&hellip;]\" \/>\n<meta property=\"og:url\" content=\"https:\/\/jandard-metallerie.com\/?page_id=14\" \/>\n<meta property=\"og:site_name\" content=\"JANDARD METALLERIE SERRURERIE\" \/>\n<meta property=\"article:publisher\" content=\"https:\/\/www.facebook.com\/jandardmetallerieserrurerie\/?locale=fr_FR\" \/>\n<meta property=\"article:modified_time\" content=\"2025-05-16T08:48:19+00:00\" \/>\n<meta name=\"twitter:card\" content=\"summary_large_image\" \/>\n<meta name=\"twitter:label1\" content=\"Dur\u00e9e de lecture estim\u00e9e\" \/>\n\t<meta name=\"twitter:data1\" content=\"7 minutes\" \/>\n<script type=\"application\/ld+json\" class=\"yoast-schema-graph\">{\"@context\":\"https:\/\/schema.org\",\"@graph\":[{\"@type\":\"WebPage\",\"@id\":\"https:\/\/jandard-metallerie.com\/?page_id=14\",\"url\":\"https:\/\/jandard-metallerie.com\/?page_id=14\",\"name\":\"Politique de cookies &amp; Mentions l\u00e9gales - JANDARD METALLERIE SERRURERIE\",\"isPartOf\":{\"@id\":\"https:\/\/jandard-metallerie.com\/#website\"},\"datePublished\":\"2024-07-25T09:46:52+00:00\",\"dateModified\":\"2025-05-16T08:48:19+00:00\",\"breadcrumb\":{\"@id\":\"https:\/\/jandard-metallerie.com\/?page_id=14#breadcrumb\"},\"inLanguage\":\"fr-FR\",\"potentialAction\":[{\"@type\":\"ReadAction\",\"target\":[\"https:\/\/jandard-metallerie.com\/?page_id=14\"]}]},{\"@type\":\"BreadcrumbList\",\"@id\":\"https:\/\/jandard-metallerie.com\/?page_id=14#breadcrumb\",\"itemListElement\":[{\"@type\":\"ListItem\",\"position\":1,\"name\":\"Accueil\",\"item\":\"https:\/\/jandard-metallerie.com\/\"},{\"@type\":\"ListItem\",\"position\":2,\"name\":\"Politique de cookies &amp; Mentions l\u00e9gales\"}]},{\"@type\":\"WebSite\",\"@id\":\"https:\/\/jandard-metallerie.com\/#website\",\"url\":\"https:\/\/jandard-metallerie.com\/\",\"name\":\"JANDARD METALLERIE SERRURERIE\",\"description\":\"Serrurerie m\u00e9tallerie Lyon\",\"publisher\":{\"@id\":\"https:\/\/jandard-metallerie.com\/#organization\"},\"potentialAction\":[{\"@type\":\"SearchAction\",\"target\":{\"@type\":\"EntryPoint\",\"urlTemplate\":\"https:\/\/jandard-metallerie.com\/?s={search_term_string}\"},\"query-input\":{\"@type\":\"PropertyValueSpecification\",\"valueRequired\":true,\"valueName\":\"search_term_string\"}}],\"inLanguage\":\"fr-FR\"},{\"@type\":\"Organization\",\"@id\":\"https:\/\/jandard-metallerie.com\/#organization\",\"name\":\"JANDARD METALLERIE SERRURERIE\",\"url\":\"https:\/\/jandard-metallerie.com\/\",\"logo\":{\"@type\":\"ImageObject\",\"inLanguage\":\"fr-FR\",\"@id\":\"https:\/\/jandard-metallerie.com\/#\/schema\/logo\/image\/\",\"url\":\"https:\/\/jandard-metallerie.com\/wp-content\/uploads\/2024\/07\/jandard_mtallerie_serrurerie_logo.jpg\",\"contentUrl\":\"https:\/\/jandard-metallerie.com\/wp-content\/uploads\/2024\/07\/jandard_mtallerie_serrurerie_logo.jpg\",\"width\":200,\"height\":200,\"caption\":\"JANDARD METALLERIE SERRURERIE\"},\"image\":{\"@id\":\"https:\/\/jandard-metallerie.com\/#\/schema\/logo\/image\/\"},\"sameAs\":[\"https:\/\/www.facebook.com\/jandardmetallerieserrurerie\/?locale=fr_FR\"]}]}<\/script>\n<!-- \/ Yoast SEO plugin. -->","yoast_head_json":{"title":"Politique de cookies &amp; Mentions l\u00e9gales - JANDARD METALLERIE SERRURERIE","robots":{"index":"index","follow":"follow","max-snippet":"max-snippet:-1","max-image-preview":"max-image-preview:large","max-video-preview":"max-video-preview:-1"},"canonical":"https:\/\/jandard-metallerie.com\/?page_id=14","og_locale":"fr_FR","og_type":"article","og_title":"Politique de cookies &amp; Mentions l\u00e9gales - JANDARD METALLERIE SERRURERIE","og_description":"MENTIONS L\u00c9GALES JANDARD METALLERIE politique de confidentialit\u00e9MENTIONS L\u00c9GALES Jandard M\u00e9tallerie politique de confidentialit\u00e9 Etablissement Jandard M\u00e9tallerie soci\u00e9t\u00e9 \u00e0 responsabilit\u00e9 limit\u00e9e\u00a0 MONSOLS, 110 IMP DES ARTISANS, 69430 DEUX-GROSNESNum\u00e9ros d\u2019identificationNum\u00e9ro SIREN420997389 Num\u00e9ro SIRET (si\u00e8ge)42099738900010 Num\u00e9ro TVA IntracommunautaireFR90420997389 Num\u00e9ro RCS 420 997 389 R.C.S. Villefranche-tarare Avant de d\u00e9poser ou lire un cookie, les \u00e9diteurs de sites ou d\u2019applications [&hellip;]","og_url":"https:\/\/jandard-metallerie.com\/?page_id=14","og_site_name":"JANDARD METALLERIE SERRURERIE","article_publisher":"https:\/\/www.facebook.com\/jandardmetallerieserrurerie\/?locale=fr_FR","article_modified_time":"2025-05-16T08:48:19+00:00","twitter_card":"summary_large_image","twitter_misc":{"Dur\u00e9e de lecture estim\u00e9e":"7 minutes"},"schema":{"@context":"https:\/\/schema.org","@graph":[{"@type":"WebPage","@id":"https:\/\/jandard-metallerie.com\/?page_id=14","url":"https:\/\/jandard-metallerie.com\/?page_id=14","name":"Politique de cookies &amp; Mentions l\u00e9gales - JANDARD METALLERIE SERRURERIE","isPartOf":{"@id":"https:\/\/jandard-metallerie.com\/#website"},"datePublished":"2024-07-25T09:46:52+00:00","dateModified":"2025-05-16T08:48:19+00:00","breadcrumb":{"@id":"https:\/\/jandard-metallerie.com\/?page_id=14#breadcrumb"},"inLanguage":"fr-FR","potentialAction":[{"@type":"ReadAction","target":["https:\/\/jandard-metallerie.com\/?page_id=14"]}]},{"@type":"BreadcrumbList","@id":"https:\/\/jandard-metallerie.com\/?page_id=14#breadcrumb","itemListElement":[{"@type":"ListItem","position":1,"name":"Accueil","item":"https:\/\/jandard-metallerie.com\/"},{"@type":"ListItem","position":2,"name":"Politique de cookies &amp; Mentions l\u00e9gales"}]},{"@type":"WebSite","@id":"https:\/\/jandard-metallerie.com\/#website","url":"https:\/\/jandard-metallerie.com\/","name":"JANDARD METALLERIE SERRURERIE","description":"Serrurerie m\u00e9tallerie Lyon","publisher":{"@id":"https:\/\/jandard-metallerie.com\/#organization"},"potentialAction":[{"@type":"SearchAction","target":{"@type":"EntryPoint","urlTemplate":"https:\/\/jandard-metallerie.com\/?s={search_term_string}"},"query-input":{"@type":"PropertyValueSpecification","valueRequired":true,"valueName":"search_term_string"}}],"inLanguage":"fr-FR"},{"@type":"Organization","@id":"https:\/\/jandard-metallerie.com\/#organization","name":"JANDARD METALLERIE SERRURERIE","url":"https:\/\/jandard-metallerie.com\/","logo":{"@type":"ImageObject","inLanguage":"fr-FR","@id":"https:\/\/jandard-metallerie.com\/#\/schema\/logo\/image\/","url":"https:\/\/jandard-metallerie.com\/wp-content\/uploads\/2024\/07\/jandard_mtallerie_serrurerie_logo.jpg","contentUrl":"https:\/\/jandard-metallerie.com\/wp-content\/uploads\/2024\/07\/jandard_mtallerie_serrurerie_logo.jpg","width":200,"height":200,"caption":"JANDARD METALLERIE SERRURERIE"},"image":{"@id":"https:\/\/jandard-metallerie.com\/#\/schema\/logo\/image\/"},"sameAs":["https:\/\/www.facebook.com\/jandardmetallerieserrurerie\/?locale=fr_FR"]}]}},"_links":{"self":[{"href":"https:\/\/jandard-metallerie.com\/index.php?rest_route=\/wp\/v2\/pages\/14","targetHints":{"allow":["GET"]}}],"collection":[{"href":"https:\/\/jandard-metallerie.com\/index.php?rest_route=\/wp\/v2\/pages"}],"about":[{"href":"https:\/\/jandard-metallerie.com\/index.php?rest_route=\/wp\/v2\/types\/page"}],"author":[{"embeddable":true,"href":"https:\/\/jandard-metallerie.com\/index.php?rest_route=\/wp\/v2\/users\/1"}],"replies":[{"embeddable":true,"href":"https:\/\/jandard-metallerie.com\/index.php?rest_route=%2Fwp%2Fv2%2Fcomments&post=14"}],"version-history":[{"count":5,"href":"https:\/\/jandard-metallerie.com\/index.php?rest_route=\/wp\/v2\/pages\/14\/revisions"}],"predecessor-version":[{"id":626,"href":"https:\/\/jandard-metallerie.com\/index.php?rest_route=\/wp\/v2\/pages\/14\/revisions\/626"}],"wp:attachment":[{"href":"https:\/\/jandard-metallerie.com\/index.php?rest_route=%2Fwp%2Fv2%2Fmedia&parent=14"}],"curies":[{"name":"wp","href":"https:\/\/api.w.org\/{rel}","templated":true}]}}