{"id":631,"date":"2025-05-16T11:09:43","date_gmt":"2025-05-16T09:09:43","guid":{"rendered":"https:\/\/jandard-metallerie.com\/?page_id=631"},"modified":"2025-05-16T12:43:25","modified_gmt":"2025-05-16T10:43:25","slug":"contact","status":"publish","type":"page","link":"https:\/\/jandard-metallerie.com\/?page_id=631","title":{"rendered":"Contact"},"content":{"rendered":"<p>[et_pb_section fb_built=\u00a0\u00bb1&Prime; disabled_on=\u00a0\u00bboff|off|off\u00a0\u00bb admin_label=\u00a0\u00bbWorkshops and Events Section\u00a0\u00bb _builder_version=\u00a0\u00bb4.27.2&Prime; background_color=\u00a0\u00bb#88C4DD\u00a0\u00bb custom_margin=\u00a0\u00bb||-4px|||\u00a0\u00bb custom_padding=\u00a0\u00bb0px||0px|\u00a0\u00bb hover_enabled=\u00a0\u00bb0&Prime; global_colors_info=\u00a0\u00bb{}\u00a0\u00bb sticky_enabled=\u00a0\u00bb0&Prime; min_height=\u00a0\u00bb1222.3px\u00a0\u00bb module_alignment_last_edited=\u00a0\u00bbon|phone\u00a0\u00bb module_alignment_phone=\u00a0\u00bbcenter\u00a0\u00bb min_height_last_edited=\u00a0\u00bbon|phone\u00a0\u00bb min_height_phone=\u00a0\u00bb702.1px\u00a0\u00bb height=\u00a0\u00bb1000px\u00a0\u00bb max_height=\u00a0\u00bb1000px\u00a0\u00bb max_height_last_edited=\u00a0\u00bbon|phone\u00a0\u00bb max_height_phone=\u00a0\u00bb1000px\u00a0\u00bb custom_margin_last_edited=\u00a0\u00bbon|phone\u00a0\u00bb custom_margin_phone=\u00a0\u00bb||346px||false|false\u00a0\u00bb background_last_edited=\u00a0\u00bbon|phone\u00a0\u00bb width_last_edited=\u00a0\u00bbon|phone\u00a0\u00bb width_phone=\u00a0\u00bb100%\u00a0\u00bb max_width_last_edited=\u00a0\u00bbon|phone\u00a0\u00bb max_width_phone=\u00a0\u00bb88%\u00a0\u00bb height_last_edited=\u00a0\u00bbon|phone\u00a0\u00bb height_phone=\u00a0\u00bb1000px\u00a0\u00bb min_height_tablet=\u00a0\u00bb1222.3px\u00a0\u00bb max_height_tablet=\u00a0\u00bb1000px\u00a0\u00bb custom_margin_tablet=\u00a0\u00bb||-4px|||\u00a0\u00bb height_tablet=\u00a0\u00bb1000px\u00a0\u00bb][et_pb_row _builder_version=\u00a0\u00bb4.27.2&Prime; _module_preset=\u00a0\u00bbdefault\u00a0\u00bb hover_enabled=\u00a0\u00bb0&Prime; global_colors_info=\u00a0\u00bb{}\u00a0\u00bb sticky_enabled=\u00a0\u00bb0&Prime; width=\u00a0\u00bb100%\u00a0\u00bb max_width=\u00a0\u00bb689px\u00a0\u00bb module_alignment=\u00a0\u00bbcenter\u00a0\u00bb min_height=\u00a0\u00bb740px\u00a0\u00bb height=\u00a0\u00bb698px\u00a0\u00bb max_height=\u00a0\u00bb660px\u00a0\u00bb use_custom_gutter=\u00a0\u00bbon\u00a0\u00bb make_equal=\u00a0\u00bbon\u00a0\u00bb custom_margin=\u00a0\u00bb|1758px||auto||\u00a0\u00bb module_alignment_last_edited=\u00a0\u00bbon|phone\u00a0\u00bb module_alignment_phone=\u00a0\u00bbcenter\u00a0\u00bb min_height_last_edited=\u00a0\u00bbon|phone\u00a0\u00bb min_height_phone=\u00a0\u00bb606px\u00a0\u00bb max_width_last_edited=\u00a0\u00bbon|phone\u00a0\u00bb max_width_phone=\u00a0\u00bb90%\u00a0\u00bb width_last_edited=\u00a0\u00bbon|phone\u00a0\u00bb width_phone=\u00a0\u00bb70%\u00a0\u00bb height_last_edited=\u00a0\u00bbon|phone\u00a0\u00bb height_phone=\u00a0\u00bb612px\u00a0\u00bb max_height_last_edited=\u00a0\u00bbon|phone\u00a0\u00bb max_height_phone=\u00a0\u00bb237px\u00a0\u00bb custom_padding=\u00a0\u00bb52px|||||\u00a0\u00bb overflow-x=\u00a0\u00bbvisible\u00a0\u00bb overflow-y=\u00a0\u00bbvisible\u00a0\u00bb module_alignment_tablet=\u00a0\u00bbcenter\u00a0\u00bb min_height_tablet=\u00a0\u00bb740px\u00a0\u00bb max_width_tablet=\u00a0\u00bb689px\u00a0\u00bb width_tablet=\u00a0\u00bb100%\u00a0\u00bb height_tablet=\u00a0\u00bb698px\u00a0\u00bb max_height_tablet=\u00a0\u00bb660px\u00a0\u00bb][et_pb_column type=\u00a0\u00bb4_4&Prime; _builder_version=\u00a0\u00bb4.27.2&Prime; _module_preset=\u00a0\u00bbdefault\u00a0\u00bb global_colors_info=\u00a0\u00bb{}\u00a0\u00bb][et_pb_heading title=\u00a0\u00bbJandard M\u00e9tallerie Serrurerie\u00a0\u00bb _builder_version=\u00a0\u00bb4.27.2&Prime; _module_preset=\u00a0\u00bbdefault\u00a0\u00bb title_font=\u00a0\u00bb||||||||\u00a0\u00bb title_text_color=\u00a0\u00bb#000000&Prime; title_font_size=\u00a0\u00bb40px\u00a0\u00bb global_colors_info=\u00a0\u00bb{}\u00a0\u00bb][\/et_pb_heading][et_pb_image src=\u00a0\u00bbhttps:\/\/jandard-metallerie.com\/wp-content\/uploads\/2025\/04\/orangerie-jandard.jpg\u00a0\u00bb title_text=\u00a0\u00bborangerie-jandard\u00a0\u00bb _builder_version=\u00a0\u00bb4.27.2&Prime; _module_preset=\u00a0\u00bbdefault\u00a0\u00bb global_colors_info=\u00a0\u00bb{}\u00a0\u00bb][\/et_pb_image][et_pb_text _builder_version=\u00a0\u00bb4.27.2&Prime; _module_preset=\u00a0\u00bbdefault\u00a0\u00bb global_colors_info=\u00a0\u00bb{}\u00a0\u00bb]<\/p>\n<p><strong><span style=\"color: #ffffff; font-size: large;\">Utilisez le formulaire ci-dessous pour nous contacter, grace \u00e0 lui nous connaitrons\u00a0<\/span><\/strong><strong><span style=\"color: #ffffff; font-size: large;\"> quelques \u00e9l\u00e9ments de votre projet pour mieux vous conseiller.<\/span><\/strong><\/p>\n<p>[\/et_pb_text][\/et_pb_column][\/et_pb_row][et_pb_row _builder_version=\u00a0\u00bb4.27.2&Prime; _module_preset=\u00a0\u00bbdefault\u00a0\u00bb custom_margin=\u00a0\u00bb|auto|-5px|auto||\u00a0\u00bb hover_enabled=\u00a0\u00bb0&Prime; global_colors_info=\u00a0\u00bb{}\u00a0\u00bb custom_padding=\u00a0\u00bb||3px|||\u00a0\u00bb sticky_enabled=\u00a0\u00bb0&Prime;][et_pb_column type=\u00a0\u00bb4_4&Prime; _builder_version=\u00a0\u00bb4.27.2&Prime; _module_preset=\u00a0\u00bbdefault\u00a0\u00bb global_colors_info=\u00a0\u00bb{}\u00a0\u00bb][et_pb_contact_form email=\u00a0\u00bbcontact@jandard.fr\u00a0\u00bb title=\u00a0\u00bbContactez-nous\u00a0\u00bb custom_message=\u00a0\u00bbRetour de votre site internet :||et_pb_line_break_holder||%%Name%%||et_pb_line_break_holder||%%Email%%||et_pb_line_break_holder||%%Message%%||et_pb_line_break_holder||Oui j&rsquo;ai donn\u00e9 mon consentement : %%Consentement%%\u00a0\u00bb success_message=\u00a0\u00bbMerci de nous avoir contact\u00e9s ! Nous vous r\u00e9pondrons dans les plus brefs d\u00e9lais pour discuter de votre projet.\u00a0\u00bb submit_button_text=\u00a0\u00bbEnvoyer votre message\u00a0\u00bb _builder_version=\u00a0\u00bb4.27.2&Prime; _module_preset=\u00a0\u00bbdefault\u00a0\u00bb _unique_id=\u00a0\u00bbf70cc58a-4f9c-4e44-b781-0afacc424f34&Prime; hover_enabled=\u00a0\u00bb0&Prime; global_colors_info=\u00a0\u00bb{}\u00a0\u00bb sticky_enabled=\u00a0\u00bb0&Prime;][et_pb_contact_field field_id=\u00a0\u00bbName\u00a0\u00bb field_title=\u00a0\u00bbNom\u00a0\u00bb _builder_version=\u00a0\u00bb4.16&Prime; global_colors_info=\u00a0\u00bb{}\u00a0\u00bb button_text_size__hover_enabled=\u00a0\u00bboff\u00a0\u00bb button_one_text_size__hover_enabled=\u00a0\u00bboff\u00a0\u00bb button_two_text_size__hover_enabled=\u00a0\u00bboff\u00a0\u00bb button_text_color__hover_enabled=\u00a0\u00bboff\u00a0\u00bb button_one_text_color__hover_enabled=\u00a0\u00bboff\u00a0\u00bb button_two_text_color__hover_enabled=\u00a0\u00bboff\u00a0\u00bb button_border_width__hover_enabled=\u00a0\u00bboff\u00a0\u00bb button_one_border_width__hover_enabled=\u00a0\u00bboff\u00a0\u00bb button_two_border_width__hover_enabled=\u00a0\u00bboff\u00a0\u00bb button_border_color__hover_enabled=\u00a0\u00bboff\u00a0\u00bb button_one_border_color__hover_enabled=\u00a0\u00bboff\u00a0\u00bb button_two_border_color__hover_enabled=\u00a0\u00bboff\u00a0\u00bb button_border_radius__hover_enabled=\u00a0\u00bboff\u00a0\u00bb button_one_border_radius__hover_enabled=\u00a0\u00bboff\u00a0\u00bb button_two_border_radius__hover_enabled=\u00a0\u00bboff\u00a0\u00bb button_letter_spacing__hover_enabled=\u00a0\u00bboff\u00a0\u00bb button_one_letter_spacing__hover_enabled=\u00a0\u00bboff\u00a0\u00bb button_two_letter_spacing__hover_enabled=\u00a0\u00bboff\u00a0\u00bb button_bg_color__hover_enabled=\u00a0\u00bboff\u00a0\u00bb button_one_bg_color__hover_enabled=\u00a0\u00bboff\u00a0\u00bb button_two_bg_color__hover_enabled=\u00a0\u00bboff\u00a0\u00bb][\/et_pb_contact_field][et_pb_contact_field field_id=\u00a0\u00bbEmail\u00a0\u00bb field_title=\u00a0\u00bbAdresse e-mail\u00a0\u00bb field_type=\u00a0\u00bbemail\u00a0\u00bb _builder_version=\u00a0\u00bb4.16&Prime; global_colors_info=\u00a0\u00bb{}\u00a0\u00bb button_text_size__hover_enabled=\u00a0\u00bboff\u00a0\u00bb button_one_text_size__hover_enabled=\u00a0\u00bboff\u00a0\u00bb button_two_text_size__hover_enabled=\u00a0\u00bboff\u00a0\u00bb button_text_color__hover_enabled=\u00a0\u00bboff\u00a0\u00bb button_one_text_color__hover_enabled=\u00a0\u00bboff\u00a0\u00bb button_two_text_color__hover_enabled=\u00a0\u00bboff\u00a0\u00bb button_border_width__hover_enabled=\u00a0\u00bboff\u00a0\u00bb button_one_border_width__hover_enabled=\u00a0\u00bboff\u00a0\u00bb button_two_border_width__hover_enabled=\u00a0\u00bboff\u00a0\u00bb button_border_color__hover_enabled=\u00a0\u00bboff\u00a0\u00bb button_one_border_color__hover_enabled=\u00a0\u00bboff\u00a0\u00bb button_two_border_color__hover_enabled=\u00a0\u00bboff\u00a0\u00bb button_border_radius__hover_enabled=\u00a0\u00bboff\u00a0\u00bb button_one_border_radius__hover_enabled=\u00a0\u00bboff\u00a0\u00bb button_two_border_radius__hover_enabled=\u00a0\u00bboff\u00a0\u00bb button_letter_spacing__hover_enabled=\u00a0\u00bboff\u00a0\u00bb button_one_letter_spacing__hover_enabled=\u00a0\u00bboff\u00a0\u00bb button_two_letter_spacing__hover_enabled=\u00a0\u00bboff\u00a0\u00bb button_bg_color__hover_enabled=\u00a0\u00bboff\u00a0\u00bb button_one_bg_color__hover_enabled=\u00a0\u00bboff\u00a0\u00bb button_two_bg_color__hover_enabled=\u00a0\u00bboff\u00a0\u00bb][\/et_pb_contact_field][et_pb_contact_field field_id=\u00a0\u00bbMessage\u00a0\u00bb field_title=\u00a0\u00bbMessage\u00a0\u00bb field_type=\u00a0\u00bbtext\u00a0\u00bb fullwidth_field=\u00a0\u00bbon\u00a0\u00bb _builder_version=\u00a0\u00bb4.16&Prime; global_colors_info=\u00a0\u00bb{}\u00a0\u00bb button_text_size__hover_enabled=\u00a0\u00bboff\u00a0\u00bb button_one_text_size__hover_enabled=\u00a0\u00bboff\u00a0\u00bb button_two_text_size__hover_enabled=\u00a0\u00bboff\u00a0\u00bb button_text_color__hover_enabled=\u00a0\u00bboff\u00a0\u00bb button_one_text_color__hover_enabled=\u00a0\u00bboff\u00a0\u00bb button_two_text_color__hover_enabled=\u00a0\u00bboff\u00a0\u00bb button_border_width__hover_enabled=\u00a0\u00bboff\u00a0\u00bb button_one_border_width__hover_enabled=\u00a0\u00bboff\u00a0\u00bb button_two_border_width__hover_enabled=\u00a0\u00bboff\u00a0\u00bb button_border_color__hover_enabled=\u00a0\u00bboff\u00a0\u00bb button_one_border_color__hover_enabled=\u00a0\u00bboff\u00a0\u00bb button_two_border_color__hover_enabled=\u00a0\u00bboff\u00a0\u00bb button_border_radius__hover_enabled=\u00a0\u00bboff\u00a0\u00bb button_one_border_radius__hover_enabled=\u00a0\u00bboff\u00a0\u00bb button_two_border_radius__hover_enabled=\u00a0\u00bboff\u00a0\u00bb button_letter_spacing__hover_enabled=\u00a0\u00bboff\u00a0\u00bb button_one_letter_spacing__hover_enabled=\u00a0\u00bboff\u00a0\u00bb button_two_letter_spacing__hover_enabled=\u00a0\u00bboff\u00a0\u00bb button_bg_color__hover_enabled=\u00a0\u00bboff\u00a0\u00bb button_one_bg_color__hover_enabled=\u00a0\u00bboff\u00a0\u00bb button_two_bg_color__hover_enabled=\u00a0\u00bboff\u00a0\u00bb][\/et_pb_contact_field][et_pb_contact_field field_id=\u00a0\u00bbConsentement\u00a0\u00bb field_title=\u00a0\u00bbPolitique de confidentialit\u00e9 des donn\u00e9es :\u00a0\u00bb field_type=\u00a0\u00bbcheckbox\u00a0\u00bb checkbox_options=\u00a0\u00bb%91{%22value%22:%22En cochant cette case, je donne mon consentement et j&rsquo;accepte les conditions g\u00e9n\u00e9rales de la politique de confidentialit\u00e9 de l&rsquo;entreprise Jandard%22,%22checked%22:0,%22dragID%22:-1}%93&Prime; fullwidth_field=\u00a0\u00bbon\u00a0\u00bb _builder_version=\u00a0\u00bb4.27.2&Prime; _module_preset=\u00a0\u00bbdefault\u00a0\u00bb global_colors_info=\u00a0\u00bb{}\u00a0\u00bb][\/et_pb_contact_field][\/et_pb_contact_form][\/et_pb_column][\/et_pb_row][\/et_pb_section]<\/p>\n","protected":false},"excerpt":{"rendered":"<p>Utilisez le formulaire ci-dessous pour nous contacter, grace \u00e0 lui nous connaitrons\u00a0 quelques \u00e9l\u00e9ments de votre projet pour mieux vous conseiller.<\/p>\n","protected":false},"author":1,"featured_media":0,"parent":0,"menu_order":0,"comment_status":"closed","ping_status":"closed","template":"","meta":{"_et_pb_use_builder":"on","_et_pb_old_content":"","_et_gb_content_width":"","footnotes":""},"class_list":["post-631","page","type-page","status-publish","hentry"],"yoast_head":"<!-- This site is optimized with the Yoast SEO plugin v25.1 - https:\/\/yoast.com\/wordpress\/plugins\/seo\/ -->\n<title>Contact - JANDARD METALLERIE SERRURERIE<\/title>\n<meta name=\"robots\" content=\"index, follow, max-snippet:-1, max-image-preview:large, max-video-preview:-1\" \/>\n<link rel=\"canonical\" href=\"https:\/\/jandard-metallerie.com\/?page_id=631\" \/>\n<meta property=\"og:locale\" content=\"fr_FR\" \/>\n<meta property=\"og:type\" content=\"article\" \/>\n<meta property=\"og:title\" content=\"Contact - JANDARD METALLERIE SERRURERIE\" \/>\n<meta property=\"og:description\" content=\"Utilisez le formulaire ci-dessous pour nous contacter, grace \u00e0 lui nous connaitrons\u00a0 quelques \u00e9l\u00e9ments de votre projet pour mieux vous conseiller.\" \/>\n<meta property=\"og:url\" content=\"https:\/\/jandard-metallerie.com\/?page_id=631\" \/>\n<meta property=\"og:site_name\" content=\"JANDARD METALLERIE SERRURERIE\" \/>\n<meta property=\"article:publisher\" content=\"https:\/\/www.facebook.com\/jandardmetallerieserrurerie\/?locale=fr_FR\" \/>\n<meta property=\"article:modified_time\" content=\"2025-05-16T10:43:25+00:00\" \/>\n<meta name=\"twitter:card\" content=\"summary_large_image\" \/>\n<script type=\"application\/ld+json\" class=\"yoast-schema-graph\">{\"@context\":\"https:\/\/schema.org\",\"@graph\":[{\"@type\":\"WebPage\",\"@id\":\"https:\/\/jandard-metallerie.com\/?page_id=631\",\"url\":\"https:\/\/jandard-metallerie.com\/?page_id=631\",\"name\":\"Contact - JANDARD METALLERIE SERRURERIE\",\"isPartOf\":{\"@id\":\"https:\/\/jandard-metallerie.com\/#website\"},\"datePublished\":\"2025-05-16T09:09:43+00:00\",\"dateModified\":\"2025-05-16T10:43:25+00:00\",\"breadcrumb\":{\"@id\":\"https:\/\/jandard-metallerie.com\/?page_id=631#breadcrumb\"},\"inLanguage\":\"fr-FR\",\"potentialAction\":[{\"@type\":\"ReadAction\",\"target\":[\"https:\/\/jandard-metallerie.com\/?page_id=631\"]}]},{\"@type\":\"BreadcrumbList\",\"@id\":\"https:\/\/jandard-metallerie.com\/?page_id=631#breadcrumb\",\"itemListElement\":[{\"@type\":\"ListItem\",\"position\":1,\"name\":\"Accueil\",\"item\":\"https:\/\/jandard-metallerie.com\/\"},{\"@type\":\"ListItem\",\"position\":2,\"name\":\"Contact\"}]},{\"@type\":\"WebSite\",\"@id\":\"https:\/\/jandard-metallerie.com\/#website\",\"url\":\"https:\/\/jandard-metallerie.com\/\",\"name\":\"JANDARD METALLERIE SERRURERIE\",\"description\":\"Serrurerie m\u00e9tallerie Lyon\",\"publisher\":{\"@id\":\"https:\/\/jandard-metallerie.com\/#organization\"},\"potentialAction\":[{\"@type\":\"SearchAction\",\"target\":{\"@type\":\"EntryPoint\",\"urlTemplate\":\"https:\/\/jandard-metallerie.com\/?s={search_term_string}\"},\"query-input\":{\"@type\":\"PropertyValueSpecification\",\"valueRequired\":true,\"valueName\":\"search_term_string\"}}],\"inLanguage\":\"fr-FR\"},{\"@type\":\"Organization\",\"@id\":\"https:\/\/jandard-metallerie.com\/#organization\",\"name\":\"JANDARD METALLERIE SERRURERIE\",\"url\":\"https:\/\/jandard-metallerie.com\/\",\"logo\":{\"@type\":\"ImageObject\",\"inLanguage\":\"fr-FR\",\"@id\":\"https:\/\/jandard-metallerie.com\/#\/schema\/logo\/image\/\",\"url\":\"https:\/\/jandard-metallerie.com\/wp-content\/uploads\/2024\/07\/jandard_mtallerie_serrurerie_logo.jpg\",\"contentUrl\":\"https:\/\/jandard-metallerie.com\/wp-content\/uploads\/2024\/07\/jandard_mtallerie_serrurerie_logo.jpg\",\"width\":200,\"height\":200,\"caption\":\"JANDARD METALLERIE SERRURERIE\"},\"image\":{\"@id\":\"https:\/\/jandard-metallerie.com\/#\/schema\/logo\/image\/\"},\"sameAs\":[\"https:\/\/www.facebook.com\/jandardmetallerieserrurerie\/?locale=fr_FR\"]}]}<\/script>\n<!-- \/ Yoast SEO plugin. -->","yoast_head_json":{"title":"Contact - JANDARD METALLERIE SERRURERIE","robots":{"index":"index","follow":"follow","max-snippet":"max-snippet:-1","max-image-preview":"max-image-preview:large","max-video-preview":"max-video-preview:-1"},"canonical":"https:\/\/jandard-metallerie.com\/?page_id=631","og_locale":"fr_FR","og_type":"article","og_title":"Contact - JANDARD METALLERIE SERRURERIE","og_description":"Utilisez le formulaire ci-dessous pour nous contacter, grace \u00e0 lui nous connaitrons\u00a0 quelques \u00e9l\u00e9ments de votre projet pour mieux vous conseiller.","og_url":"https:\/\/jandard-metallerie.com\/?page_id=631","og_site_name":"JANDARD METALLERIE SERRURERIE","article_publisher":"https:\/\/www.facebook.com\/jandardmetallerieserrurerie\/?locale=fr_FR","article_modified_time":"2025-05-16T10:43:25+00:00","twitter_card":"summary_large_image","schema":{"@context":"https:\/\/schema.org","@graph":[{"@type":"WebPage","@id":"https:\/\/jandard-metallerie.com\/?page_id=631","url":"https:\/\/jandard-metallerie.com\/?page_id=631","name":"Contact - JANDARD METALLERIE SERRURERIE","isPartOf":{"@id":"https:\/\/jandard-metallerie.com\/#website"},"datePublished":"2025-05-16T09:09:43+00:00","dateModified":"2025-05-16T10:43:25+00:00","breadcrumb":{"@id":"https:\/\/jandard-metallerie.com\/?page_id=631#breadcrumb"},"inLanguage":"fr-FR","potentialAction":[{"@type":"ReadAction","target":["https:\/\/jandard-metallerie.com\/?page_id=631"]}]},{"@type":"BreadcrumbList","@id":"https:\/\/jandard-metallerie.com\/?page_id=631#breadcrumb","itemListElement":[{"@type":"ListItem","position":1,"name":"Accueil","item":"https:\/\/jandard-metallerie.com\/"},{"@type":"ListItem","position":2,"name":"Contact"}]},{"@type":"WebSite","@id":"https:\/\/jandard-metallerie.com\/#website","url":"https:\/\/jandard-metallerie.com\/","name":"JANDARD METALLERIE SERRURERIE","description":"Serrurerie m\u00e9tallerie Lyon","publisher":{"@id":"https:\/\/jandard-metallerie.com\/#organization"},"potentialAction":[{"@type":"SearchAction","target":{"@type":"EntryPoint","urlTemplate":"https:\/\/jandard-metallerie.com\/?s={search_term_string}"},"query-input":{"@type":"PropertyValueSpecification","valueRequired":true,"valueName":"search_term_string"}}],"inLanguage":"fr-FR"},{"@type":"Organization","@id":"https:\/\/jandard-metallerie.com\/#organization","name":"JANDARD METALLERIE SERRURERIE","url":"https:\/\/jandard-metallerie.com\/","logo":{"@type":"ImageObject","inLanguage":"fr-FR","@id":"https:\/\/jandard-metallerie.com\/#\/schema\/logo\/image\/","url":"https:\/\/jandard-metallerie.com\/wp-content\/uploads\/2024\/07\/jandard_mtallerie_serrurerie_logo.jpg","contentUrl":"https:\/\/jandard-metallerie.com\/wp-content\/uploads\/2024\/07\/jandard_mtallerie_serrurerie_logo.jpg","width":200,"height":200,"caption":"JANDARD METALLERIE SERRURERIE"},"image":{"@id":"https:\/\/jandard-metallerie.com\/#\/schema\/logo\/image\/"},"sameAs":["https:\/\/www.facebook.com\/jandardmetallerieserrurerie\/?locale=fr_FR"]}]}},"_links":{"self":[{"href":"https:\/\/jandard-metallerie.com\/index.php?rest_route=\/wp\/v2\/pages\/631","targetHints":{"allow":["GET"]}}],"collection":[{"href":"https:\/\/jandard-metallerie.com\/index.php?rest_route=\/wp\/v2\/pages"}],"about":[{"href":"https:\/\/jandard-metallerie.com\/index.php?rest_route=\/wp\/v2\/types\/page"}],"author":[{"embeddable":true,"href":"https:\/\/jandard-metallerie.com\/index.php?rest_route=\/wp\/v2\/users\/1"}],"replies":[{"embeddable":true,"href":"https:\/\/jandard-metallerie.com\/index.php?rest_route=%2Fwp%2Fv2%2Fcomments&post=631"}],"version-history":[{"count":14,"href":"https:\/\/jandard-metallerie.com\/index.php?rest_route=\/wp\/v2\/pages\/631\/revisions"}],"predecessor-version":[{"id":657,"href":"https:\/\/jandard-metallerie.com\/index.php?rest_route=\/wp\/v2\/pages\/631\/revisions\/657"}],"wp:attachment":[{"href":"https:\/\/jandard-metallerie.com\/index.php?rest_route=%2Fwp%2Fv2%2Fmedia&parent=631"}],"curies":[{"name":"wp","href":"https:\/\/api.w.org\/{rel}","templated":true}]}}